{"id":238,"date":"2024-08-10T10:37:53","date_gmt":"2024-08-10T08:37:53","guid":{"rendered":"https:\/\/knapptstyrfart.se\/planerade-upplevelser\/"},"modified":"2025-05-04T15:41:03","modified_gmt":"2025-05-04T13:41:03","slug":"geplante-erlebnisse","status":"publish","type":"page","link":"https:\/\/knapptstyrfart.se\/de\/planerade-upplevelser\/","title":{"rendered":"Geplante Erfahrungen"},"content":{"rendered":"<div data-elementor-type=\"wp-page\" data-elementor-id=\"238\" class=\"elementor elementor-238\" data-elementor-post-type=\"page\">\n\t\t\t\t\t\t<section data-particle_enable=\"false\" data-particle-mobile-disabled=\"false\" class=\"elementor-section elementor-top-section elementor-element elementor-element-4032a3a0 elementor-section-boxed elementor-section-height-default elementor-section-height-default\" data-id=\"4032a3a0\" data-element_type=\"section\" data-e-type=\"section\" data-settings=\"{&quot;background_background&quot;:&quot;classic&quot;}\">\n\t\t\t\t\t\t<div class=\"elementor-container elementor-column-gap-default\">\n\t\t\t\t\t<div class=\"elementor-column elementor-col-100 elementor-top-column elementor-element elementor-element-7fa1359e\" data-id=\"7fa1359e\" data-element_type=\"column\" data-e-type=\"column\">\n\t\t\t<div class=\"elementor-widget-wrap elementor-element-populated\">\n\t\t\t\t\t\t<div class=\"elementor-element elementor-element-13ba0dd7 elementor-widget-divider--view-line elementor-widget elementor-widget-divider\" data-id=\"13ba0dd7\" data-element_type=\"widget\" data-e-type=\"widget\" data-widget_type=\"divider.default\">\n\t\t\t\t<div class=\"elementor-widget-container\">\n\t\t\t\t\t\t\t<div class=\"elementor-divider\">\n\t\t\t<span class=\"elementor-divider-separator\">\n\t\t\t\t\t\t<\/span>\n\t\t<\/div>\n\t\t\t\t\t\t<\/div>\n\t\t\t\t<\/div>\n\t\t\t\t\t<\/div>\n\t\t<\/div>\n\t\t\t\t\t<\/div>\n\t\t<\/section>\n\t\t\t\t<section data-particle_enable=\"false\" data-particle-mobile-disabled=\"false\" class=\"elementor-section elementor-top-section elementor-element elementor-element-523a5ce elementor-section-boxed elementor-section-height-default elementor-section-height-default\" data-id=\"523a5ce\" data-element_type=\"section\" data-e-type=\"section\" data-settings=\"{&quot;background_background&quot;:&quot;classic&quot;}\">\n\t\t\t\t\t\t<div class=\"elementor-container elementor-column-gap-default\">\n\t\t\t\t\t<div class=\"elementor-column elementor-col-66 elementor-top-column elementor-element elementor-element-f933d79\" data-id=\"f933d79\" data-element_type=\"column\" data-e-type=\"column\">\n\t\t\t<div class=\"elementor-widget-wrap elementor-element-populated\">\n\t\t\t\t\t\t<div class=\"elementor-element elementor-element-1b34c12f elementor-widget elementor-widget-text-editor\" data-id=\"1b34c12f\" data-element_type=\"widget\" data-e-type=\"widget\" data-widget_type=\"text-editor.default\">\n\t\t\t\t<div class=\"elementor-widget-container\">\n\t\t\t\t\t\t\t\t\t<p><span style=\"color: var( --e-global-color-dee4cbf ); font-family: var( --e-global-typography-text-font-family ), Sans-serif; font-weight: var( --e-global-typography-text-font-weight ); background-color: var( --e-global-color-f7fa8fb ); font-size: 1rem;\">Man muss nicht weit reisen, um neue Dinge zu erleben. D<\/span>s gibt viele sch\u00f6ne Reiseziele und Erlebnisse sowohl in der Heimat als auch im \u00fcbrigen Schweden. Allerdings muss man sagen, dass es nach den Einschr\u00e4nkungen der letzten Jahre einen Nachholbedarf gibt, wieder etwas im Ausland zu erleben.<\/p><p><span style=\"color: var( --e-global-color-dee4cbf ); font-family: var( --e-global-typography-text-font-family ), Sans-serif; font-weight: var( --e-global-typography-text-font-weight ); background-color: var( --e-global-color-f7fa8fb ); font-size: 1rem;\">Die Liste der Orte, die wir besuchen wollen, wird immer l\u00e4nger.<\/span><span style=\"color: var( --e-global-color-dee4cbf ); font-family: var( --e-global-typography-text-font-family ), Sans-serif; font-weight: var( --e-global-typography-text-font-weight ); background-color: var( --e-global-color-f7fa8fb ); font-size: 1rem;\">\u00a0<\/span>Das ist das, was wir im Moment geplant haben. Bitte z\u00f6gern Sie nicht, Ihre Tipps und Ideen, was wir tun k\u00f6nnen, in den Kommentaren unten zu teilen.<\/p>\t\t\t\t\t\t\t\t<\/div>\n\t\t\t\t<\/div>\n\t\t\t\t\t<\/div>\n\t\t<\/div>\n\t\t\t\t<div class=\"elementor-column elementor-col-33 elementor-top-column elementor-element elementor-element-520ca906\" data-id=\"520ca906\" data-element_type=\"column\" data-e-type=\"column\">\n\t\t\t<div class=\"elementor-widget-wrap elementor-element-populated\">\n\t\t\t\t\t\t<div class=\"elementor-element elementor-element-b920cd4 elementor-widget elementor-widget-image\" data-id=\"b920cd4\" data-element_type=\"widget\" data-e-type=\"widget\" data-widget_type=\"image.default\">\n\t\t\t\t<div class=\"elementor-widget-container\">\n\t\t\t\t\t\t\t\t\t\t\t\t\t\t\t<img fetchpriority=\"high\" decoding=\"async\" width=\"800\" height=\"495\" src=\"https:\/\/knapptstyrfart.se\/wp-content\/uploads\/sites\/2\/2024\/08\/fantasy-3502188_1920-scaled-1.jpg\" class=\"attachment-large size-large wp-image-239\" alt=\"\" srcset=\"https:\/\/knapptstyrfart.se\/wp-content\/uploads\/sites\/2\/2024\/08\/fantasy-3502188_1920-scaled-1.jpg 1024w, https:\/\/knapptstyrfart.se\/wp-content\/uploads\/sites\/2\/2024\/08\/fantasy-3502188_1920-scaled-1-300x186.jpg 300w, https:\/\/knapptstyrfart.se\/wp-content\/uploads\/sites\/2\/2024\/08\/fantasy-3502188_1920-scaled-1-768x476.jpg 768w, https:\/\/knapptstyrfart.se\/wp-content\/uploads\/sites\/2\/2024\/08\/fantasy-3502188_1920-scaled-1-18x12.jpg 18w\" sizes=\"(max-width: 800px) 100vw, 800px\" \/>\t\t\t\t\t\t\t\t\t\t\t\t\t\t\t<\/div>\n\t\t\t\t<\/div>\n\t\t\t\t\t<\/div>\n\t\t<\/div>\n\t\t\t\t\t<\/div>\n\t\t<\/section>\n\t\t\t\t<section data-particle_enable=\"false\" data-particle-mobile-disabled=\"false\" class=\"elementor-section elementor-top-section elementor-element elementor-element-40b4eeb2 elementor-section-boxed elementor-section-height-default elementor-section-height-default\" data-id=\"40b4eeb2\" data-element_type=\"section\" data-e-type=\"section\" data-settings=\"{&quot;background_background&quot;:&quot;classic&quot;}\">\n\t\t\t\t\t\t<div class=\"elementor-container elementor-column-gap-default\">\n\t\t\t\t\t<div class=\"elementor-column elementor-col-100 elementor-top-column elementor-element elementor-element-759de033\" data-id=\"759de033\" data-element_type=\"column\" data-e-type=\"column\">\n\t\t\t<div class=\"elementor-widget-wrap elementor-element-populated\">\n\t\t\t\t\t\t<div class=\"elementor-element elementor-element-e5e4079 elementor-widget-divider--view-line elementor-widget elementor-widget-divider\" data-id=\"e5e4079\" data-element_type=\"widget\" data-e-type=\"widget\" data-widget_type=\"divider.default\">\n\t\t\t\t<div class=\"elementor-widget-container\">\n\t\t\t\t\t\t\t<div class=\"elementor-divider\">\n\t\t\t<span class=\"elementor-divider-separator\">\n\t\t\t\t\t\t<\/span>\n\t\t<\/div>\n\t\t\t\t\t\t<\/div>\n\t\t\t\t<\/div>\n\t\t\t\t\t<\/div>\n\t\t<\/div>\n\t\t\t\t\t<\/div>\n\t\t<\/section>\n\t\t\t\t<section data-particle_enable=\"false\" data-particle-mobile-disabled=\"false\" class=\"elementor-section elementor-top-section elementor-element elementor-element-73b0e34d elementor-section-boxed elementor-section-height-default elementor-section-height-default\" data-id=\"73b0e34d\" data-element_type=\"section\" data-e-type=\"section\" data-settings=\"{&quot;background_background&quot;:&quot;classic&quot;}\">\n\t\t\t\t\t\t<div class=\"elementor-container elementor-column-gap-default\">\n\t\t\t\t\t<div class=\"elementor-column elementor-col-33 elementor-top-column elementor-element elementor-element-7bbfaaf4\" data-id=\"7bbfaaf4\" data-element_type=\"column\" data-e-type=\"column\" data-settings=\"{&quot;background_background&quot;:&quot;classic&quot;}\">\n\t\t\t<div class=\"elementor-widget-wrap elementor-element-populated\">\n\t\t\t\t\t\t<div class=\"elementor-element elementor-element-15ac535f elementor-view-default elementor-widget elementor-widget-icon\" data-id=\"15ac535f\" data-element_type=\"widget\" data-e-type=\"widget\" data-widget_type=\"icon.default\">\n\t\t\t\t<div class=\"elementor-widget-container\">\n\t\t\t\t\t\t\t<div class=\"elementor-icon-wrapper\">\n\t\t\t<div class=\"elementor-icon\">\n\t\t\t<svg aria-hidden=\"true\" class=\"e-font-icon-svg e-fas-wine-glass-alt\" viewbox=\"0 0 288 512\" xmlns=\"http:\/\/www.w3.org\/2000\/svg\"><path d=\"M216 464h-40V346.81c68.47-15.89 118.05-79.91 111.4-154.16l-15.95-178.1C270.71 6.31 263.9 0 255.74 0H32.26c-8.15 0-14.97 6.31-15.7 14.55L.6 192.66C-6.05 266.91 43.53 330.93 112 346.82V464H72c-22.09 0-40 17.91-40 40 0 4.42 3.58 8 8 8h208c4.42 0 8-3.58 8-8 0-22.09-17.91-40-40-40zM61.75 48h164.5l7.17 80H54.58l7.17-80z\"><\/path><\/svg>\t\t\t<\/div>\n\t\t<\/div>\n\t\t\t\t\t\t<\/div>\n\t\t\t\t<\/div>\n\t\t\t\t\t<\/div>\n\t\t<\/div>\n\t\t\t\t<div class=\"elementor-column elementor-col-33 elementor-top-column elementor-element elementor-element-16a36cd2\" data-id=\"16a36cd2\" data-element_type=\"column\" data-e-type=\"column\" data-settings=\"{&quot;background_background&quot;:&quot;classic&quot;}\">\n\t\t\t<div class=\"elementor-widget-wrap elementor-element-populated\">\n\t\t\t\t\t\t<div class=\"elementor-element elementor-element-4831c10b elementor-widget elementor-widget-text-editor\" data-id=\"4831c10b\" data-element_type=\"widget\" data-e-type=\"widget\" data-widget_type=\"text-editor.default\">\n\t\t\t\t<div class=\"elementor-widget-container\">\n\t\t\t\t\t\t\t\t\t<p><strong>Schwedische Weinproduzenten.<\/strong> Wir dachten daran, unseren gastronomischen Roadtrip zu wiederholen, aber mit einem deutlicheren Fokus auf Wein. Mit anderen Worten, wir wollen mit dem Wohnmobil zwischen den Weinbergen fahren. Es ist noch nicht ganz klar, wohin wir fahren werden, aber im Moment tendieren wir zu den etwas kleineren Weing\u00fctern in Mittelschweden.\u00a0<\/p>\t\t\t\t\t\t\t\t<\/div>\n\t\t\t\t<\/div>\n\t\t\t\t\t<\/div>\n\t\t<\/div>\n\t\t\t\t<div class=\"elementor-column elementor-col-33 elementor-top-column elementor-element elementor-element-28ef19b5\" data-id=\"28ef19b5\" data-element_type=\"column\" data-e-type=\"column\" data-settings=\"{&quot;background_background&quot;:&quot;classic&quot;}\">\n\t\t\t<div class=\"elementor-widget-wrap elementor-element-populated\">\n\t\t\t\t\t\t<div class=\"elementor-element elementor-element-6c03fde1 elementor-widget elementor-widget-image\" data-id=\"6c03fde1\" data-element_type=\"widget\" data-e-type=\"widget\" data-widget_type=\"image.default\">\n\t\t\t\t<div class=\"elementor-widget-container\">\n\t\t\t\t\t\t\t\t\t\t\t\t\t\t\t<img decoding=\"async\" width=\"768\" height=\"780\" data-src=\"https:\/\/knapptstyrfart.se\/wp-content\/uploads\/sites\/2\/2024\/08\/Skarmavbild-2024-07-28-kl.-22.11.26-768x780.png\" class=\"attachment-medium_large size-medium_large wp-image-240 lazyload\" alt=\"\" data-srcset=\"https:\/\/knapptstyrfart.se\/wp-content\/uploads\/sites\/2\/2024\/08\/Skarmavbild-2024-07-28-kl.-22.11.26-768x780.png 768w, https:\/\/knapptstyrfart.se\/wp-content\/uploads\/sites\/2\/2024\/08\/Skarmavbild-2024-07-28-kl.-22.11.26-295x300.png 295w, https:\/\/knapptstyrfart.se\/wp-content\/uploads\/sites\/2\/2024\/08\/Skarmavbild-2024-07-28-kl.-22.11.26-1009x1024.png 1009w, https:\/\/knapptstyrfart.se\/wp-content\/uploads\/sites\/2\/2024\/08\/Skarmavbild-2024-07-28-kl.-22.11.26-1513x1536.png 1513w, https:\/\/knapptstyrfart.se\/wp-content\/uploads\/sites\/2\/2024\/08\/Skarmavbild-2024-07-28-kl.-22.11.26-12x12.png 12w, https:\/\/knapptstyrfart.se\/wp-content\/uploads\/sites\/2\/2024\/08\/Skarmavbild-2024-07-28-kl.-22.11.26.png 1568w\" data-sizes=\"auto\" src=\"data:image\/svg+xml;base64,PHN2ZyB3aWR0aD0iMSIgaGVpZ2h0PSIxIiB4bWxucz0iaHR0cDovL3d3dy53My5vcmcvMjAwMC9zdmciPjwvc3ZnPg==\" style=\"--smush-placeholder-width: 768px; --smush-placeholder-aspect-ratio: 768\/780;\" data-original-sizes=\"(max-width: 768px) 100vw, 768px\" \/>\t\t\t\t\t\t\t\t\t\t\t\t\t\t\t<\/div>\n\t\t\t\t<\/div>\n\t\t\t\t\t<\/div>\n\t\t<\/div>\n\t\t\t\t\t<\/div>\n\t\t<\/section>\n\t\t\t\t<section data-particle_enable=\"false\" data-particle-mobile-disabled=\"false\" class=\"elementor-section elementor-top-section elementor-element elementor-element-5add96a3 elementor-section-boxed elementor-section-height-default elementor-section-height-default\" data-id=\"5add96a3\" data-element_type=\"section\" data-e-type=\"section\" data-settings=\"{&quot;background_background&quot;:&quot;classic&quot;}\">\n\t\t\t\t\t\t<div class=\"elementor-container elementor-column-gap-default\">\n\t\t\t\t\t<div class=\"elementor-column elementor-col-100 elementor-top-column elementor-element elementor-element-764dde90\" data-id=\"764dde90\" data-element_type=\"column\" data-e-type=\"column\">\n\t\t\t<div class=\"elementor-widget-wrap elementor-element-populated\">\n\t\t\t\t\t\t<div class=\"elementor-element elementor-element-1ee17034 elementor-widget-divider--view-line elementor-widget elementor-widget-divider\" data-id=\"1ee17034\" data-element_type=\"widget\" data-e-type=\"widget\" data-widget_type=\"divider.default\">\n\t\t\t\t<div class=\"elementor-widget-container\">\n\t\t\t\t\t\t\t<div class=\"elementor-divider\">\n\t\t\t<span class=\"elementor-divider-separator\">\n\t\t\t\t\t\t<\/span>\n\t\t<\/div>\n\t\t\t\t\t\t<\/div>\n\t\t\t\t<\/div>\n\t\t\t\t\t<\/div>\n\t\t<\/div>\n\t\t\t\t\t<\/div>\n\t\t<\/section>\n\t\t\t\t<section data-particle_enable=\"false\" data-particle-mobile-disabled=\"false\" class=\"elementor-section elementor-top-section elementor-element elementor-element-370da02 elementor-reverse-mobile elementor-section-boxed elementor-section-height-default elementor-section-height-default\" data-id=\"370da02\" data-element_type=\"section\" data-e-type=\"section\" data-settings=\"{&quot;background_background&quot;:&quot;classic&quot;}\">\n\t\t\t\t\t\t<div class=\"elementor-container elementor-column-gap-default\">\n\t\t\t\t\t<div class=\"elementor-column elementor-col-33 elementor-top-column elementor-element elementor-element-67c77dd1\" data-id=\"67c77dd1\" data-element_type=\"column\" data-e-type=\"column\" data-settings=\"{&quot;background_background&quot;:&quot;classic&quot;}\">\n\t\t\t<div class=\"elementor-widget-wrap elementor-element-populated\">\n\t\t\t\t\t\t<div class=\"elementor-element elementor-element-76177c2f elementor-widget elementor-widget-image\" data-id=\"76177c2f\" data-element_type=\"widget\" data-e-type=\"widget\" data-widget_type=\"image.default\">\n\t\t\t\t<div class=\"elementor-widget-container\">\n\t\t\t\t\t\t\t\t\t\t\t\t\t\t\t<img decoding=\"async\" width=\"768\" height=\"747\" data-src=\"https:\/\/knapptstyrfart.se\/wp-content\/uploads\/sites\/2\/2025\/05\/Skarmavbild-2025-05-04-kl.-15.32.21-768x747.png\" class=\"attachment-medium_large size-medium_large wp-image-108017 lazyload\" alt=\"\" data-srcset=\"https:\/\/knapptstyrfart.se\/wp-content\/uploads\/sites\/2\/2025\/05\/Skarmavbild-2025-05-04-kl.-15.32.21-768x747.png 768w, https:\/\/knapptstyrfart.se\/wp-content\/uploads\/sites\/2\/2025\/05\/Skarmavbild-2025-05-04-kl.-15.32.21-300x292.png 300w, https:\/\/knapptstyrfart.se\/wp-content\/uploads\/sites\/2\/2025\/05\/Skarmavbild-2025-05-04-kl.-15.32.21-1024x996.png 1024w, https:\/\/knapptstyrfart.se\/wp-content\/uploads\/sites\/2\/2025\/05\/Skarmavbild-2025-05-04-kl.-15.32.21-1536x1493.png 1536w, https:\/\/knapptstyrfart.se\/wp-content\/uploads\/sites\/2\/2025\/05\/Skarmavbild-2025-05-04-kl.-15.32.21-12x12.png 12w, https:\/\/knapptstyrfart.se\/wp-content\/uploads\/sites\/2\/2025\/05\/Skarmavbild-2025-05-04-kl.-15.32.21.png 1654w\" data-sizes=\"auto\" src=\"data:image\/svg+xml;base64,PHN2ZyB3aWR0aD0iMSIgaGVpZ2h0PSIxIiB4bWxucz0iaHR0cDovL3d3dy53My5vcmcvMjAwMC9zdmciPjwvc3ZnPg==\" style=\"--smush-placeholder-width: 768px; --smush-placeholder-aspect-ratio: 768\/747;\" data-original-sizes=\"(max-width: 768px) 100vw, 768px\" \/>\t\t\t\t\t\t\t\t\t\t\t\t\t\t\t<\/div>\n\t\t\t\t<\/div>\n\t\t\t\t\t<\/div>\n\t\t<\/div>\n\t\t\t\t<div class=\"elementor-column elementor-col-33 elementor-top-column elementor-element elementor-element-22fee237\" data-id=\"22fee237\" data-element_type=\"column\" data-e-type=\"column\" data-settings=\"{&quot;background_background&quot;:&quot;classic&quot;}\">\n\t\t\t<div class=\"elementor-widget-wrap elementor-element-populated\">\n\t\t\t\t\t\t<div class=\"elementor-element elementor-element-6df23bc1 elementor-widget elementor-widget-text-editor\" data-id=\"6df23bc1\" data-element_type=\"widget\" data-e-type=\"widget\" data-widget_type=\"text-editor.default\">\n\t\t\t\t<div class=\"elementor-widget-container\">\n\t\t\t\t\t\t\t\t\t<p><strong>Elsass und Champagne.<\/strong> In diesem Sommer machen wir eine Europareise, mit dem Elsass und der Champagne als Hauptziele. Der Plan ist, zun\u00e4chst so schnell wie m\u00f6glich durch Deutschland zu fahren und dann ein paar Wochen durch Frankreich zu reisen. Je nachdem, wie sehr wir uns nach Hause sehnen, werden wir entweder auf dem schnellsten Weg nach Hause fahren oder \u00fcber Belgien und die Niederlande.<\/p>\t\t\t\t\t\t\t\t<\/div>\n\t\t\t\t<\/div>\n\t\t\t\t\t<\/div>\n\t\t<\/div>\n\t\t\t\t<div class=\"elementor-column elementor-col-33 elementor-top-column elementor-element elementor-element-3345ba66\" data-id=\"3345ba66\" data-element_type=\"column\" data-e-type=\"column\" data-settings=\"{&quot;background_background&quot;:&quot;classic&quot;}\">\n\t\t\t<div class=\"elementor-widget-wrap elementor-element-populated\">\n\t\t\t\t\t\t<div class=\"elementor-element elementor-element-653d601b elementor-view-default elementor-widget elementor-widget-icon\" data-id=\"653d601b\" data-element_type=\"widget\" data-e-type=\"widget\" data-widget_type=\"icon.default\">\n\t\t\t\t<div class=\"elementor-widget-container\">\n\t\t\t\t\t\t\t<div class=\"elementor-icon-wrapper\">\n\t\t\t<div class=\"elementor-icon\">\n\t\t\t<svg aria-hidden=\"true\" class=\"e-font-icon-svg e-fas-euro-sign\" viewbox=\"0 0 320 512\" xmlns=\"http:\/\/www.w3.org\/2000\/svg\"><path d=\"M310.706 413.765c-1.314-6.63-7.835-10.872-14.424-9.369-10.692 2.439-27.422 5.413-45.426 5.413-56.763 0-101.929-34.79-121.461-85.449h113.689a12 12 0 0 0 11.708-9.369l6.373-28.36c1.686-7.502-4.019-14.631-11.708-14.631H115.22c-1.21-14.328-1.414-28.287.137-42.245H261.95a12 12 0 0 0 11.723-9.434l6.512-29.755c1.638-7.484-4.061-14.566-11.723-14.566H130.184c20.633-44.991 62.69-75.03 117.619-75.03 14.486 0 28.564 2.25 37.851 4.145 6.216 1.268 12.347-2.498 14.002-8.623l11.991-44.368c1.822-6.741-2.465-13.616-9.326-14.917C290.217 34.912 270.71 32 249.635 32 152.451 32 74.03 92.252 45.075 176H12c-6.627 0-12 5.373-12 12v29.755c0 6.627 5.373 12 12 12h21.569c-1.009 13.607-1.181 29.287-.181 42.245H12c-6.627 0-12 5.373-12 12v28.36c0 6.627 5.373 12 12 12h30.114C67.139 414.692 145.264 480 249.635 480c26.301 0 48.562-4.544 61.101-7.788 6.167-1.595 10.027-7.708 8.788-13.957l-8.818-44.49z\"><\/path><\/svg>\t\t\t<\/div>\n\t\t<\/div>\n\t\t\t\t\t\t<\/div>\n\t\t\t\t<\/div>\n\t\t\t\t\t<\/div>\n\t\t<\/div>\n\t\t\t\t\t<\/div>\n\t\t<\/section>\n\t\t\t\t<section data-particle_enable=\"false\" data-particle-mobile-disabled=\"false\" class=\"elementor-section elementor-top-section elementor-element elementor-element-2da7684b elementor-section-boxed elementor-section-height-default elementor-section-height-default\" data-id=\"2da7684b\" data-element_type=\"section\" data-e-type=\"section\" data-settings=\"{&quot;background_background&quot;:&quot;classic&quot;}\">\n\t\t\t\t\t\t<div class=\"elementor-container elementor-column-gap-default\">\n\t\t\t\t\t<div class=\"elementor-column elementor-col-100 elementor-top-column elementor-element elementor-element-10c10094\" data-id=\"10c10094\" data-element_type=\"column\" data-e-type=\"column\">\n\t\t\t<div class=\"elementor-widget-wrap elementor-element-populated\">\n\t\t\t\t\t\t<div class=\"elementor-element elementor-element-324b01cb elementor-widget-divider--view-line elementor-widget elementor-widget-divider\" data-id=\"324b01cb\" data-element_type=\"widget\" data-e-type=\"widget\" data-widget_type=\"divider.default\">\n\t\t\t\t<div class=\"elementor-widget-container\">\n\t\t\t\t\t\t\t<div class=\"elementor-divider\">\n\t\t\t<span class=\"elementor-divider-separator\">\n\t\t\t\t\t\t<\/span>\n\t\t<\/div>\n\t\t\t\t\t\t<\/div>\n\t\t\t\t<\/div>\n\t\t\t\t\t<\/div>\n\t\t<\/div>\n\t\t\t\t\t<\/div>\n\t\t<\/section>\n\t\t\t\t<\/div>","protected":false},"excerpt":{"rendered":"<p>Man beh\u00f6ver inte \u00e5ka l\u00e5ngt f\u00f6r att uppleva nya saker. Det finns m\u00e4ngder med trevliga resm\u00e5l och upplevelser b\u00e5de p\u00e5 hemorten och i resten av Sverige. Man f\u00e5r v\u00e4l dock s\u00e4ga att efter de senaste \u00e5rens restriktioner s\u00e5 finns det ett uppd\u00e4mt behov av att \u00e5terigen uppleva saker utomlands. Listan \u00f6ver platser vi vill bes\u00f6ka [&hellip;]<\/p>\n","protected":false},"author":1,"featured_media":0,"parent":0,"menu_order":0,"comment_status":"closed","ping_status":"closed","template":"","meta":{"_acf_changed":false,"_eb_attr":"","footnotes":""},"class_list":["post-238","page","type-page","status-publish","hentry"],"acf":[],"_links":{"self":[{"href":"https:\/\/knapptstyrfart.se\/de\/wp-json\/wp\/v2\/pages\/238","targetHints":{"allow":["GET"]}}],"collection":[{"href":"https:\/\/knapptstyrfart.se\/de\/wp-json\/wp\/v2\/pages"}],"about":[{"href":"https:\/\/knapptstyrfart.se\/de\/wp-json\/wp\/v2\/types\/page"}],"author":[{"embeddable":true,"href":"https:\/\/knapptstyrfart.se\/de\/wp-json\/wp\/v2\/users\/1"}],"replies":[{"embeddable":true,"href":"https:\/\/knapptstyrfart.se\/de\/wp-json\/wp\/v2\/comments?post=238"}],"version-history":[{"count":0,"href":"https:\/\/knapptstyrfart.se\/de\/wp-json\/wp\/v2\/pages\/238\/revisions"}],"wp:attachment":[{"href":"https:\/\/knapptstyrfart.se\/de\/wp-json\/wp\/v2\/media?parent=238"}],"curies":[{"name":"wp","href":"https:\/\/api.w.org\/{rel}","templated":true}]}}