{"id":246,"date":"2024-08-10T10:38:05","date_gmt":"2024-08-10T08:38:05","guid":{"rendered":"https:\/\/knapptstyrfart.se\/om-oss\/"},"modified":"2025-04-27T11:23:42","modified_gmt":"2025-04-27T09:23:42","slug":"uber-uns","status":"publish","type":"page","link":"https:\/\/knapptstyrfart.se\/de\/om-oss\/","title":{"rendered":"\u00dcber uns"},"content":{"rendered":"<div data-elementor-type=\"wp-page\" data-elementor-id=\"246\" class=\"elementor elementor-246\" data-elementor-post-type=\"page\">\n\t\t\t\t\t\t<section data-particle_enable=\"false\" data-particle-mobile-disabled=\"false\" class=\"elementor-section elementor-top-section elementor-element elementor-element-19f4d9b7 elementor-section-boxed elementor-section-height-default elementor-section-height-default\" data-id=\"19f4d9b7\" data-element_type=\"section\" data-e-type=\"section\" data-settings=\"{&quot;background_background&quot;:&quot;classic&quot;}\">\n\t\t\t\t\t\t<div class=\"elementor-container elementor-column-gap-default\">\n\t\t\t\t\t<div class=\"elementor-column elementor-col-33 elementor-top-column elementor-element elementor-element-4e6f6c2\" data-id=\"4e6f6c2\" data-element_type=\"column\" data-e-type=\"column\">\n\t\t\t<div class=\"elementor-widget-wrap elementor-element-populated\">\n\t\t\t\t\t\t<div class=\"elementor-element elementor-element-3b314a98 elementor-widget elementor-widget-text-editor\" data-id=\"3b314a98\" data-element_type=\"widget\" data-e-type=\"widget\" data-widget_type=\"text-editor.default\">\n\t\t\t\t<div class=\"elementor-widget-container\">\n\t\t\t\t\t\t\t\t\t<p><\/p><p>Wir sind zwei Menschen, die das Leben genie\u00dfen und es gerne ein bisschen aufpeppen. Wir sind auch relativ neue Wohnmobil-Enthusiasten und kauften unser erstes Wohnmobil im letzten Jahr, sind aber bereits auf unserem zweiten Auto, einem Roller Team Kronos Fit. <\/p><p>Wir hei\u00dfen Eva und Henrik, leben in Karlstad und arbeiten als Rechtsanw\u00e4lte bzw. Unternehmensentwickler. In unserer Freizeit suchen wir gerne nach Dingen, die uns ein bisschen mehr Spa\u00df machen. Das kann alles sein, von einem Wanderausflug bis zu einem Degustationsmen\u00fc in einem schicken Restaurant.<\/p><p>Auf der Seite Barely Steering werden wir \u00fcber die Stellpl\u00e4tze und Campingpl\u00e4tze berichten, auf denen wir Halt machen. Wir werden auch \u00fcber Dinge schreiben, die wir \u00fcber das Leben mit dem Wohnmobil gelernt haben, wie zum Beispiel, dass es gut ist, das Auto schwer genug zu beladen, um unter einer niedrigen Br\u00fccke durchzukommen. \ud83d\ude42<\/p><p>Wir lieben kleine Waldcampingpl\u00e4tze und kleinere Stellpl\u00e4tze. Die gro\u00dfen Campingpl\u00e4tze sind zwar praktisch, aber so langweilig, dass sie von uns unverdienterma\u00dfen eine schlechte Bewertung erhalten. Stattdessen hoffen wir, die kleinen Juwelen zu finden, die von Enthusiasten auf dem Lande betrieben werden.<\/p><p>Warum hei\u00dft die Website Barely Steering Speed? Nun, weil es so langsam geht, wenn wir unterwegs sind. Wir finden immer etwas Spannendes zum Anhalten und Anschauen, und man kommt an einem Tag nicht sehr weit. Unser Rekord ist vielleicht Karlstad bis Bor\u00e5s in drei Tagen, Slowcation vom Feinsten.<\/p>\t\t\t\t\t\t\t\t<\/div>\n\t\t\t\t<\/div>\n\t\t\t\t\t<\/div>\n\t\t<\/div>\n\t\t\t\t<div class=\"elementor-column elementor-col-66 elementor-top-column elementor-element elementor-element-708987f4\" data-id=\"708987f4\" data-element_type=\"column\" data-e-type=\"column\">\n\t\t\t<div class=\"elementor-widget-wrap elementor-element-populated\">\n\t\t\t\t\t\t<div class=\"elementor-element elementor-element-2443a904 elementor-widget elementor-widget-image\" data-id=\"2443a904\" data-element_type=\"widget\" data-e-type=\"widget\" data-widget_type=\"image.default\">\n\t\t\t\t<div class=\"elementor-widget-container\">\n\t\t\t\t\t\t\t\t\t\t\t\t<figure class=\"wp-caption\">\n\t\t\t\t\t\t\t\t\t\t<img fetchpriority=\"high\" decoding=\"async\" width=\"768\" height=\"1024\" src=\"https:\/\/knapptstyrfart.se\/wp-content\/uploads\/sites\/2\/2025\/04\/20240717_182038-768x1024.png\" class=\"attachment-medium_large size-medium_large wp-image-107995\" alt=\"\" srcset=\"https:\/\/knapptstyrfart.se\/wp-content\/uploads\/sites\/2\/2025\/04\/20240717_182038-768x1024.png 768w, https:\/\/knapptstyrfart.se\/wp-content\/uploads\/sites\/2\/2025\/04\/20240717_182038-225x300.png 225w, https:\/\/knapptstyrfart.se\/wp-content\/uploads\/sites\/2\/2025\/04\/20240717_182038-1152x1536.png 1152w, https:\/\/knapptstyrfart.se\/wp-content\/uploads\/sites\/2\/2025\/04\/20240717_182038-1536x2048.png 1536w, https:\/\/knapptstyrfart.se\/wp-content\/uploads\/sites\/2\/2025\/04\/20240717_182038-9x12.png 9w, https:\/\/knapptstyrfart.se\/wp-content\/uploads\/sites\/2\/2025\/04\/20240717_182038-scaled.png 1920w\" sizes=\"(max-width: 768px) 100vw, 768px\" \/>\t\t\t\t\t\t\t\t\t\t\t<figcaption class=\"widget-image-caption wp-caption-text\"><\/figcaption>\n\t\t\t\t\t\t\t\t\t\t<\/figure>\n\t\t\t\t\t\t\t\t\t<\/div>\n\t\t\t\t<\/div>\n\t\t\t\t\t<\/div>\n\t\t<\/div>\n\t\t\t\t\t<\/div>\n\t\t<\/section>\n\t\t\t\t<\/div>","protected":false},"excerpt":{"rendered":"<p>Vi \u00e4r tv\u00e5 livsnjutare som gillar att s\u00e4tta lite guldkant p\u00e5 tillvaron. Vi \u00e4r dessutom relativt nyblivna husbilsentusiaster och k\u00f6pte v\u00e5r f\u00f6rsta husbil f\u00f6rra \u00e5ret men \u00e4r redan inne p\u00e5 v\u00e5r andra bil, en Roller Team Kronos Fit. Vi som skriver heter Eva och Henrik, bor i Karlstad och jobbar till vardags som jurist respektive [&hellip;]<\/p>\n","protected":false},"author":1,"featured_media":0,"parent":0,"menu_order":0,"comment_status":"closed","ping_status":"closed","template":"","meta":{"_acf_changed":false,"_eb_attr":"","footnotes":""},"class_list":["post-246","page","type-page","status-publish","hentry"],"acf":[],"_links":{"self":[{"href":"https:\/\/knapptstyrfart.se\/de\/wp-json\/wp\/v2\/pages\/246","targetHints":{"allow":["GET"]}}],"collection":[{"href":"https:\/\/knapptstyrfart.se\/de\/wp-json\/wp\/v2\/pages"}],"about":[{"href":"https:\/\/knapptstyrfart.se\/de\/wp-json\/wp\/v2\/types\/page"}],"author":[{"embeddable":true,"href":"https:\/\/knapptstyrfart.se\/de\/wp-json\/wp\/v2\/users\/1"}],"replies":[{"embeddable":true,"href":"https:\/\/knapptstyrfart.se\/de\/wp-json\/wp\/v2\/comments?post=246"}],"version-history":[{"count":0,"href":"https:\/\/knapptstyrfart.se\/de\/wp-json\/wp\/v2\/pages\/246\/revisions"}],"wp:attachment":[{"href":"https:\/\/knapptstyrfart.se\/de\/wp-json\/wp\/v2\/media?parent=246"}],"curies":[{"name":"wp","href":"https:\/\/api.w.org\/{rel}","templated":true}]}}