{"id":246,"date":"2024-08-10T10:38:05","date_gmt":"2024-08-10T08:38:05","guid":{"rendered":"https:\/\/knapptstyrfart.se\/om-oss\/"},"modified":"2025-04-27T11:23:42","modified_gmt":"2025-04-27T09:23:42","slug":"a-propos-de-nous","status":"publish","type":"page","link":"https:\/\/knapptstyrfart.se\/fr\/om-oss\/","title":{"rendered":"A propos de nous"},"content":{"rendered":"<div data-elementor-type=\"wp-page\" data-elementor-id=\"246\" class=\"elementor elementor-246\" data-elementor-post-type=\"page\">\n\t\t\t\t\t\t<section data-particle_enable=\"false\" data-particle-mobile-disabled=\"false\" class=\"elementor-section elementor-top-section elementor-element elementor-element-19f4d9b7 elementor-section-boxed elementor-section-height-default elementor-section-height-default\" data-id=\"19f4d9b7\" data-element_type=\"section\" data-e-type=\"section\" data-settings=\"{&quot;background_background&quot;:&quot;classic&quot;}\">\n\t\t\t\t\t\t<div class=\"elementor-container elementor-column-gap-default\">\n\t\t\t\t\t<div class=\"elementor-column elementor-col-33 elementor-top-column elementor-element elementor-element-4e6f6c2\" data-id=\"4e6f6c2\" data-element_type=\"column\" data-e-type=\"column\">\n\t\t\t<div class=\"elementor-widget-wrap elementor-element-populated\">\n\t\t\t\t\t\t<div class=\"elementor-element elementor-element-3b314a98 elementor-widget elementor-widget-text-editor\" data-id=\"3b314a98\" data-element_type=\"widget\" data-e-type=\"widget\" data-widget_type=\"text-editor.default\">\n\t\t\t\t<div class=\"elementor-widget-container\">\n\t\t\t\t\t\t\t\t\t<p><\/p><p>Nous sommes deux personnes qui profitent de la vie et qui aiment y ajouter un peu de saveur. Nous sommes \u00e9galement des amateurs de camping-car relativement nouveaux et avons achet\u00e9 notre premier camping-car l'ann\u00e9e derni\u00e8re, mais nous en sommes d\u00e9j\u00e0 \u00e0 notre deuxi\u00e8me voiture, une Roller Team Kronos Fit. <\/p><p>Nous nous appelons Eva et Henrik, nous vivons \u00e0 Karlstad et nous travaillons respectivement comme avocats et d\u00e9veloppeurs d'entreprise. Pendant notre temps libre, nous aimons trouver des choses qui nous font nous sentir un peu mieux. Cela peut aller d'une randonn\u00e9e \u00e0 un menu d\u00e9gustation dans un restaurant chic.<\/p><p>Sur la page Barely Steering, nous publierons des articles sur les emplacements et les campings o\u00f9 nous nous arr\u00eatons. Nous \u00e9crirons \u00e9galement sur les choses que nous apprenons sur la vie en camping-car, comme le fait qu'il est bon de charger la voiture assez lourdement pour passer sous un pont bas. \ud83d\ude42<\/p><p>Nous aimons les petits campings forestiers et les petits emplacements. Les grands campings sont peut-\u00eatre pratiques mais tellement ennuyeux qu'ils risquent de recevoir une mauvaise note de notre part, ce qui n'est pas m\u00e9rit\u00e9. Nous esp\u00e9rons plut\u00f4t trouver des petits bijoux g\u00e9r\u00e9s par des passionn\u00e9s dans la campagne.<\/p><p>Pourquoi ce site s'appelle-t-il \"Barely Steering Speed\" ? Eh bien, parce que les choses vont si lentement lorsque nous voyageons. Nous trouvons toujours quelque chose d'int\u00e9ressant \u00e0 regarder et \u00e0 arr\u00eater, et nous n'allons pas tr\u00e8s loin en une journ\u00e9e. Notre record est peut-\u00eatre Karlstad-Bor\u00e5s en trois jours, la lenteur \u00e0 son meilleur.<\/p>\t\t\t\t\t\t\t\t<\/div>\n\t\t\t\t<\/div>\n\t\t\t\t\t<\/div>\n\t\t<\/div>\n\t\t\t\t<div class=\"elementor-column elementor-col-66 elementor-top-column elementor-element elementor-element-708987f4\" data-id=\"708987f4\" data-element_type=\"column\" data-e-type=\"column\">\n\t\t\t<div class=\"elementor-widget-wrap elementor-element-populated\">\n\t\t\t\t\t\t<div class=\"elementor-element elementor-element-2443a904 elementor-widget elementor-widget-image\" data-id=\"2443a904\" data-element_type=\"widget\" data-e-type=\"widget\" data-widget_type=\"image.default\">\n\t\t\t\t<div class=\"elementor-widget-container\">\n\t\t\t\t\t\t\t\t\t\t\t\t<figure class=\"wp-caption\">\n\t\t\t\t\t\t\t\t\t\t<img fetchpriority=\"high\" decoding=\"async\" width=\"768\" height=\"1024\" src=\"https:\/\/knapptstyrfart.se\/wp-content\/uploads\/sites\/2\/2025\/04\/20240717_182038-768x1024.png\" class=\"attachment-medium_large size-medium_large wp-image-107995\" alt=\"\" srcset=\"https:\/\/knapptstyrfart.se\/wp-content\/uploads\/sites\/2\/2025\/04\/20240717_182038-768x1024.png 768w, https:\/\/knapptstyrfart.se\/wp-content\/uploads\/sites\/2\/2025\/04\/20240717_182038-225x300.png 225w, https:\/\/knapptstyrfart.se\/wp-content\/uploads\/sites\/2\/2025\/04\/20240717_182038-1152x1536.png 1152w, https:\/\/knapptstyrfart.se\/wp-content\/uploads\/sites\/2\/2025\/04\/20240717_182038-1536x2048.png 1536w, https:\/\/knapptstyrfart.se\/wp-content\/uploads\/sites\/2\/2025\/04\/20240717_182038-9x12.png 9w, https:\/\/knapptstyrfart.se\/wp-content\/uploads\/sites\/2\/2025\/04\/20240717_182038-scaled.png 1920w\" sizes=\"(max-width: 768px) 100vw, 768px\" \/>\t\t\t\t\t\t\t\t\t\t\t<figcaption class=\"widget-image-caption wp-caption-text\"><\/figcaption>\n\t\t\t\t\t\t\t\t\t\t<\/figure>\n\t\t\t\t\t\t\t\t\t<\/div>\n\t\t\t\t<\/div>\n\t\t\t\t\t<\/div>\n\t\t<\/div>\n\t\t\t\t\t<\/div>\n\t\t<\/section>\n\t\t\t\t<\/div>","protected":false},"excerpt":{"rendered":"<p>Vi \u00e4r tv\u00e5 livsnjutare som gillar att s\u00e4tta lite guldkant p\u00e5 tillvaron. Vi \u00e4r dessutom relativt nyblivna husbilsentusiaster och k\u00f6pte v\u00e5r f\u00f6rsta husbil f\u00f6rra \u00e5ret men \u00e4r redan inne p\u00e5 v\u00e5r andra bil, en Roller Team Kronos Fit. Vi som skriver heter Eva och Henrik, bor i Karlstad och jobbar till vardags som jurist respektive [&hellip;]<\/p>\n","protected":false},"author":1,"featured_media":0,"parent":0,"menu_order":0,"comment_status":"closed","ping_status":"closed","template":"","meta":{"_acf_changed":false,"_eb_attr":"","footnotes":""},"class_list":["post-246","page","type-page","status-publish","hentry"],"acf":[],"_links":{"self":[{"href":"https:\/\/knapptstyrfart.se\/fr\/wp-json\/wp\/v2\/pages\/246","targetHints":{"allow":["GET"]}}],"collection":[{"href":"https:\/\/knapptstyrfart.se\/fr\/wp-json\/wp\/v2\/pages"}],"about":[{"href":"https:\/\/knapptstyrfart.se\/fr\/wp-json\/wp\/v2\/types\/page"}],"author":[{"embeddable":true,"href":"https:\/\/knapptstyrfart.se\/fr\/wp-json\/wp\/v2\/users\/1"}],"replies":[{"embeddable":true,"href":"https:\/\/knapptstyrfart.se\/fr\/wp-json\/wp\/v2\/comments?post=246"}],"version-history":[{"count":0,"href":"https:\/\/knapptstyrfart.se\/fr\/wp-json\/wp\/v2\/pages\/246\/revisions"}],"wp:attachment":[{"href":"https:\/\/knapptstyrfart.se\/fr\/wp-json\/wp\/v2\/media?parent=246"}],"curies":[{"name":"wp","href":"https:\/\/api.w.org\/{rel}","templated":true}]}}